{"id":88,"date":"2023-01-08T13:50:24","date_gmt":"2023-01-08T13:50:24","guid":{"rendered":"https:\/\/kentatheme.com\/architecture\/?page_id=7"},"modified":"2025-04-10T13:43:01","modified_gmt":"2025-04-10T11:43:01","slug":"home","status":"publish","type":"page","link":"http:\/\/fiber-products.eu\/","title":{"rendered":"Strona g\u0142\u00f3wna"},"content":{"rendered":"\n<div class=\"wp-block-kenta-blocks-slides alignfull kb-slides-52719430 kb-slides\"><button class=\"kb-slides-prev-arrow kb-slides-arrow\" id=\"kb-slides-prev-52719430\"><i class=\"fas fa-chevron-left\"><\/i><\/button><div class=\"kb-slides-inner-container\">\n<div class=\"wp-block-kenta-blocks-slide-item kb-slide-item-87a1d84e kb-slide-item kb-slide-item-has-overlay\"><div class=\"kb-slide-item-inner-container\">\n<div class=\"wp-block-kenta-blocks-paragraph kb-paragraph kb-paragraph-22971ed8\"><p class=\"\">Witamy na stronie<\/p><\/div>\n\n\n\n<div class=\"wp-block-kenta-blocks-heading kb-heading kb-heading-h1 kb-heading-e3b69798\"><h1 class=\"\">Fiber-productS<\/h1><\/div>\n\n\n\n<div class=\"wp-block-kenta-blocks-paragraph kb-paragraph kb-paragraph-a751cb85\"><p class=\"\">Jeste\u015bmy producentem najwy\u017cszej jako\u015bci wyrob\u00f3w GFK. <\/p><\/div>\n\n\n\n<div class=\"wp-block-kenta-blocks-spacer kb-spacer-38e0a52f kb-spacer\" aria-hidden=\"true\"><\/div>\n<\/div><\/div>\n\n\n\n<div class=\"wp-block-kenta-blocks-slide-item kb-slide-item-bfa3273f kb-slide-item kb-slide-item-has-overlay\"><div class=\"kb-slide-item-inner-container\">\n<div class=\"wp-block-kenta-blocks-paragraph kb-paragraph kb-paragraph-fe2ac17e\"><p class=\"\">Witamy na stronie<\/p><\/div>\n\n\n\n<div class=\"wp-block-kenta-blocks-heading kb-heading kb-heading-h1 kb-heading-4418726b\"><h1 class=\"\">Fiber-productS<\/h1><\/div>\n\n\n\n<div class=\"wp-block-kenta-blocks-paragraph kb-paragraph kb-paragraph-e3486b97\"><p class=\"\">Prowadzimy produkcj\u0119 seryjn\u0105 r\u00f3\u017cnorodnych wyrob\u00f3w z GFK. <\/p><\/div>\n\n\n\n<div class=\"wp-block-kenta-blocks-spacer kb-spacer-3b923bcd kb-spacer\" aria-hidden=\"true\"><\/div>\n<\/div><\/div>\n\n\n\n<div class=\"wp-block-kenta-blocks-slide-item kb-slide-item-535c2eea kb-slide-item kb-slide-item-has-overlay\"><div class=\"kb-slide-item-inner-container\">\n<div class=\"wp-block-kenta-blocks-paragraph kb-paragraph kb-paragraph-c2536119\"><p class=\"\">Witamy na stronie<\/p><\/div>\n\n\n\n<div class=\"wp-block-kenta-blocks-heading kb-heading kb-heading-h1 kb-heading-6d5e13ca\"><h1 class=\"\">Fiber-productS<\/h1><\/div>\n\n\n\n<div class=\"wp-block-kenta-blocks-paragraph kb-paragraph kb-paragraph-324919e3\"><p class=\"\">Jeste\u015bmy producentem najwy\u017cszej jako\u015bci wyrob\u00f3w GFK. <\/p><\/div>\n\n\n\n<div class=\"wp-block-kenta-blocks-spacer kb-spacer-7a583bea kb-spacer\" aria-hidden=\"true\"><\/div>\n<\/div><\/div>\n\n\n\n<div class=\"wp-block-kenta-blocks-slide-item kb-slide-item-5750e3c4 kb-slide-item kb-slide-item-has-overlay\"><div class=\"kb-slide-item-inner-container\">\n<div class=\"wp-block-kenta-blocks-paragraph kb-paragraph kb-paragraph-28abdd97\"><p class=\"\">WitamY na stronie<\/p><\/div>\n\n\n\n<div class=\"wp-block-kenta-blocks-heading kb-heading kb-heading-h1 kb-heading-9f51adb6\"><h1 class=\"\">Fiber-productS<\/h1><\/div>\n\n\n\n<div class=\"wp-block-kenta-blocks-paragraph kb-paragraph kb-paragraph-fbed47cd\"><p class=\"\">W naszej ofercie najwi\u0119kszy wyb\u00f3r wyrob\u00f3w z GFK.<\/p><\/div>\n\n\n\n<div class=\"wp-block-kenta-blocks-spacer kb-spacer-e109b753 kb-spacer\" aria-hidden=\"true\"><\/div>\n<\/div><\/div>\n\n\n\n<div class=\"wp-block-kenta-blocks-slide-item kb-slide-item-5506d3f9 kb-slide-item kb-slide-item-has-overlay\"><div class=\"kb-slide-item-inner-container\">\n<div class=\"wp-block-kenta-blocks-paragraph kb-paragraph kb-paragraph-93feb0e7\"><p class=\"\">Fiber-Products zaprasza<\/p><\/div>\n\n\n\n<div class=\"wp-block-kenta-blocks-heading kb-heading kb-heading-h1 kb-heading-57247e28\"><h1 class=\"\">Odwied\u017a siedzib\u0119 naszej firmy<\/h1><\/div>\n\n\n\n<div class=\"wp-block-kenta-blocks-paragraph kb-paragraph kb-paragraph-a06d71c1\"><p class=\"\">Posiadamy nowoczesn\u0105 hal\u0119 monta\u017cow\u0105 wyrob\u00f3w z GFK.<\/p><\/div>\n\n\n\n<div class=\"wp-block-kenta-blocks-spacer kb-spacer-262bfd0f kb-spacer\" aria-hidden=\"true\"><\/div>\n<\/div><\/div>\n<\/div><button class=\"kb-slides-next-arrow kb-slides-arrow\" id=\"kb-slides-next-52719430\"><i class=\"fas fa-chevron-right\"><\/i><\/button><\/div>\n\n\n\n<div class=\"wp-block-kenta-blocks-section kb-section-e1801ddb kb-section\">\n<div class=\"wp-block-kenta-blocks-column kb-column-wrapper kb-column-wrapper-5ab5d8ea kenta-scroll-reveal\"><div class=\"kb-column kb-column-5ab5d8ea\"><div class=\"kb-column-content\">\n<div class=\"wp-block-kenta-blocks-icon kb-icon kb-icon-21334881\"><div class=\"kb-icon-wrap\"><i class=\"fas fa-hands-asl-interpreting\"><\/i><\/div><\/div>\n\n\n\n<div class=\"wp-block-kenta-blocks-heading kb-heading kb-heading-h3 kb-heading-9574c9f5\"><h3 class=\"\">Wysoka jako\u015b\u0107<\/h3><\/div>\n\n\n\n<div class=\"wp-block-kenta-blocks-paragraph kb-paragraph kb-paragraph-e0d5c501\"><p class=\"\">Zajmujemy si\u0119 produkcj\u0105 wyrob\u00f3w GFK najwy\u017cszej jako\u015bci.<\/p><\/div>\n<\/div><\/div><\/div>\n\n\n\n<div class=\"wp-block-kenta-blocks-column kb-column-wrapper kb-column-wrapper-acaeb6d7 kenta-scroll-reveal\"><div class=\"kb-column kb-column-acaeb6d7\"><div class=\"kb-column-content\">\n<div class=\"wp-block-kenta-blocks-icon kb-icon kb-icon-75ab835e\"><div class=\"kb-icon-wrap\"><i class=\"fas fa-users\"><\/i><\/div><\/div>\n\n\n\n<div class=\"wp-block-kenta-blocks-heading kb-heading kb-heading-h3 kb-heading-97445e9c\"><h3 class=\"\">Indywidualne podej\u015bcie do klienta<\/h3><\/div>\n\n\n\n<div class=\"wp-block-kenta-blocks-paragraph kb-paragraph kb-paragraph-18bdd13b\"><p class=\"\">Realizacje zam\u00f3wienia ustalamy indywidualnie.<\/p><\/div>\n<\/div><\/div><\/div>\n\n\n\n<div class=\"wp-block-kenta-blocks-column kb-column-wrapper kb-column-wrapper-10651911 kenta-scroll-reveal\"><div class=\"kb-column kb-column-10651911\"><div class=\"kb-column-content\">\n<div class=\"wp-block-kenta-blocks-icon kb-icon kb-icon-24ac3443\"><div class=\"kb-icon-wrap\"><i class=\"fas fa-truck-ramp-box\"><\/i><\/div><\/div>\n\n\n\n<div class=\"wp-block-kenta-blocks-heading kb-heading kb-heading-h3 kb-heading-ff33572e\"><h3 class=\"\">Dostawa i monta\u017c<\/h3><\/div>\n\n\n\n<div class=\"wp-block-kenta-blocks-paragraph kb-paragraph kb-paragraph-f701f86c\"><p class=\"\">Realizujemy us\u0142ugi dostawy i monta\u017cu naszych wyrob\u00f3w  u Klienta.<\/p><\/div>\n<\/div><\/div><\/div>\n\n\n\n<div class=\"wp-block-kenta-blocks-column kb-column-wrapper kb-column-wrapper-a12d5d7b kenta-scroll-reveal\"><div class=\"kb-column kb-column-a12d5d7b\"><div class=\"kb-column-content\">\n<div class=\"wp-block-kenta-blocks-icon kb-icon kb-icon-8bd4fed7\"><div class=\"kb-icon-wrap\"><i class=\"fas fa-industry\"><\/i><\/div><\/div>\n\n\n\n<div class=\"wp-block-kenta-blocks-heading kb-heading kb-heading-h3 kb-heading-8c5955a4\"><h3 class=\"\">Produkcja seryjna<\/h3><\/div>\n\n\n\n<div class=\"wp-block-kenta-blocks-paragraph kb-paragraph kb-paragraph-b3b5d9c9\"><p class=\"\">Posiadamy wieloletnie do\u015bwiadczenie w produkcji seryjnej.<\/p><\/div>\n<\/div><\/div><\/div>\n<\/div>\n\n\n\n<div style=\"height:68px\" aria-hidden=\"true\" class=\"wp-block-spacer\"><\/div>\n\n\n\n<div class=\"wp-block-kenta-blocks-section alignwide kb-section-80415f12 kb-section\" id=\"about\">\n<div class=\"wp-block-kenta-blocks-column kb-column-wrapper kb-column-wrapper-4aedffaa\"><div class=\"kb-column kb-column-4aedffaa\"><div class=\"kb-column-content\">\n<div class=\"wp-block-kenta-blocks-paragraph kb-paragraph kb-paragraph-086a9bb5 kenta-scroll-reveal\"><p class=\"\">O nas<\/p><\/div>\n\n\n\n<div class=\"wp-block-kenta-blocks-heading kb-heading kb-heading-h2 kb-heading-6963f88f kenta-scroll-reveal\"><h2 class=\"\">Najlepsze rozwi\u0105\u017cania dla Ciebie<\/h2><\/div>\n\n\n\n<div class=\"wp-block-kenta-blocks-paragraph kb-paragraph kb-paragraph-69405c5f kenta-scroll-reveal\"><p class=\"\">Oferujemy Pa\u0144stwo najlepsz\u0105 realizacje naszych wyrob\u00f3w.<\/p><\/div>\n\n\n\n<div class=\"wp-block-kenta-blocks-stack kb-stack-1668d81f kb-stack\"><div class=\"kb-stack-inner-container\">\n<div class=\"wp-block-kenta-blocks-row kb-row-1558a680 kb-row kenta-scroll-reveal\"><div class=\"kb-row-inner-container\">\n<div class=\"wp-block-kenta-blocks-buttons kb-buttons kb-buttons-161ead0e\">\n<div class=\"kb-icon-button-wrapper kb-icon-button-wrapper-79574f29\"><span class=\"wp-block-kenta-blocks-icon-button kb-icon-button kb-icon-button-79574f29\"><i class=\"fas fa-check\"><\/i><\/span><\/div>\n<\/div>\n\n\n\n<div class=\"wp-block-kenta-blocks-stack kb-stack-5b7b7c42 kb-stack\"><div class=\"kb-stack-inner-container\">\n<div class=\"wp-block-kenta-blocks-heading kb-heading kb-heading-h3 kb-heading-429ec5a1\"><h3 class=\"\">Wysoka jako\u015b\u0107 materia\u0142\u00f3w<\/h3><\/div>\n\n\n\n<div class=\"wp-block-kenta-blocks-paragraph kb-paragraph kb-paragraph-4a85359e\"><p class=\"\">Oferujemy produkty z materia\u0142\u00f3w najwy\u017cszej jako\u015bci.<\/p><\/div>\n<\/div><\/div>\n<\/div><\/div>\n\n\n\n<div class=\"wp-block-kenta-blocks-row kb-row-32352d70 kb-row kenta-scroll-reveal\"><div class=\"kb-row-inner-container\">\n<div class=\"wp-block-kenta-blocks-buttons kb-buttons kb-buttons-3045531b\">\n<div class=\"kb-icon-button-wrapper kb-icon-button-wrapper-0a47be10\"><span class=\"wp-block-kenta-blocks-icon-button kb-icon-button kb-icon-button-0a47be10\"><i class=\"fas fa-check\"><\/i><\/span><\/div>\n<\/div>\n\n\n\n<div class=\"wp-block-kenta-blocks-stack kb-stack-1e9b210d kb-stack\"><div class=\"kb-stack-inner-container\">\n<div class=\"wp-block-kenta-blocks-heading kb-heading kb-heading-h3 kb-heading-760e9c1c\"><h3 class=\"\">Dba\u0142o\u015b\u0107 o detale<\/h3><\/div>\n\n\n\n<div class=\"wp-block-kenta-blocks-paragraph kb-paragraph kb-paragraph-c9729449\"><p class=\"\">Nasze komponenty wykonane s\u0105 z dba\u0142o\u015bci\u0105 o ka\u017cdy szczeg\u00f3\u0142.<\/p><\/div>\n<\/div><\/div>\n<\/div><\/div>\n<\/div><\/div>\n<\/div><\/div><\/div>\n\n\n\n<div class=\"wp-block-kenta-blocks-column kb-column-wrapper kb-column-wrapper-07ad48c6 kenta-scroll-reveal\"><div class=\"kb-column kb-column-07ad48c6\"><div class=\"kb-column-content\">\n<figure class=\"wp-block-kenta-blocks-image kb-image kb-image-6ec59740 kenta-scroll-reveal\"><img decoding=\"async\" src=\"http:\/\/serwer2167129.home.pl\/autoinstalator\/wordpress2\/wp-content\/uploads\/2023\/08\/fiber-products-produkt-scaled.jpg\" alt=\"\"\/><\/figure>\n<\/div><\/div><\/div>\n<\/div>\n\n\n\n<div style=\"height:68px\" aria-hidden=\"true\" class=\"wp-block-spacer\"><\/div>\n\n\n\n<div class=\"wp-block-kenta-blocks-cover alignfull kb-cover-540180cc kb-cover kb-cover-has-overlay\"><div class=\"kb-cover-inner-container\">\n<div class=\"wp-block-kenta-blocks-heading kb-heading kb-heading-h2 kb-heading-edaab126 kenta-scroll-reveal\"><h2 class=\"\">Fiber productS<\/h2><\/div>\n\n\n\n<p class=\"has-kenta-base-100-color has-text-color\">PRODUKUJEMY KOMPONENTY GFK DLA R\u00d3\u017bNORODNYCH ODBIORC\u00d3W. NASZE WYROBY ZASPOKAJAJ\u0104 POTRZEBY R\u00d3\u017bNYCH GA\u0141\u0118ZI PRZEMYS\u0141U I BIZNESU, ZNAJDUJ\u0104C ZASTOSOWANIE MIEDZY INNYMI W MOTORYZACJI, INSTALACJACH KANALIZACYJNYCH, FASADACH BUDYNK\u00d3W, ROLNICTWIE, KOLEI.<\/p>\n<\/div><\/div>\n\n\n\n<div class=\"wp-block-kenta-blocks-cover alignfull kb-cover-1aefa392 kb-cover\" id=\"testimonial\"><div class=\"kb-cover-inner-container\">\n<div class=\"wp-block-kenta-blocks-paragraph kb-paragraph kb-paragraph-7fd00a2a kenta-scroll-reveal\"><p class=\"\">Nasze referencje<\/p><\/div>\n\n\n\n<div class=\"wp-block-kenta-blocks-heading kb-heading kb-heading-h2 kb-heading-e117c86b kenta-scroll-reveal\"><h2 class=\"\">WYBRANE Firmy z kt\u00f3rymi wsp\u00f3\u0142pracujemy:<\/h2><\/div>\n\n\n\n<div class=\"wp-block-kenta-blocks-slides kb-slides-205caa4d kb-slides kb-slides-navigation-motion\"><button class=\"kb-slides-prev-arrow kb-slides-arrow\" id=\"kb-slides-prev-205caa4d\"><i class=\"fas fa-chevron-left\"><\/i><\/button><div class=\"kb-slides-inner-container\">\n<div class=\"wp-block-kenta-blocks-slide-item kb-slide-item-e52be363 kb-slide-item\"><div class=\"kb-slide-item-inner-container\">\n<figure class=\"wp-block-kenta-blocks-image kb-image kb-image-9f8900ca kenta-scroll-reveal\"><img decoding=\"async\" src=\"http:\/\/serwer2167129.home.pl\/autoinstalator\/wordpress2\/wp-content\/uploads\/2023\/09\/logo_fiber-tech.png\" alt=\"\"\/><\/figure>\n<\/div><\/div>\n\n\n\n<div class=\"wp-block-kenta-blocks-slide-item kb-slide-item-0ca4b489 kb-slide-item\"><div class=\"kb-slide-item-inner-container\">\n<figure class=\"wp-block-kenta-blocks-image kb-image kb-image-b64a6f56 kenta-scroll-reveal\"><img decoding=\"async\" src=\"http:\/\/serwer2167129.home.pl\/autoinstalator\/wordpress2\/wp-content\/uploads\/2023\/09\/logo_matrium-1-300x65.png\" alt=\"\"\/><\/figure>\n<\/div><\/div>\n\n\n\n<div class=\"wp-block-kenta-blocks-slide-item kb-slide-item-17e24930 kb-slide-item\"><div class=\"kb-slide-item-inner-container\">\n<figure class=\"wp-block-kenta-blocks-image kb-image kb-image-53536392 kenta-scroll-reveal\"><img decoding=\"async\" src=\"http:\/\/serwer2167129.home.pl\/autoinstalator\/wordpress2\/wp-content\/uploads\/2023\/09\/logo_cfm-1.png\" alt=\"\"\/><\/figure>\n<\/div><\/div>\n\n\n\n<div class=\"wp-block-kenta-blocks-slide-item kb-slide-item-b5c19913 kb-slide-item\"><div class=\"kb-slide-item-inner-container\">\n<figure class=\"wp-block-kenta-blocks-image kb-image kb-image-0da436b8 kenta-scroll-reveal\"><img decoding=\"async\" src=\"http:\/\/serwer2167129.home.pl\/autoinstalator\/wordpress2\/wp-content\/uploads\/2023\/09\/logo-smt.png\" alt=\"\"\/><\/figure>\n<\/div><\/div>\n\n\n\n<div class=\"wp-block-kenta-blocks-slide-item kb-slide-item-e2057f1c kb-slide-item\"><div class=\"kb-slide-item-inner-container\">\n<figure class=\"wp-block-kenta-blocks-image kb-image kb-image-2bd4c1c6 kenta-scroll-reveal\"><img decoding=\"async\" src=\"http:\/\/serwer2167129.home.pl\/autoinstalator\/wordpress2\/wp-content\/uploads\/2023\/09\/logo_schuler-300x42.png\" alt=\"\"\/><\/figure>\n<\/div><\/div>\n\n\n\n<div class=\"wp-block-kenta-blocks-slide-item kb-slide-item-05f1fbc6 kb-slide-item\"><div class=\"kb-slide-item-inner-container\">\n<figure class=\"wp-block-kenta-blocks-image kb-image kb-image-bdb1e5d3 kenta-scroll-reveal\"><img decoding=\"async\" src=\"http:\/\/fiber-products.eu\/wp-content\/uploads\/2023\/09\/kw-logo-white.png\" alt=\"\"\/><\/figure>\n<\/div><\/div>\n<\/div><button class=\"kb-slides-next-arrow kb-slides-arrow\" id=\"kb-slides-next-205caa4d\"><i class=\"fas fa-chevron-right\"><\/i><\/button><\/div>\n<\/div><\/div>\n\n\n\n<div class=\"wp-block-kenta-blocks-cover alignfull kb-cover-3f15da67 kb-cover\" id=\"contact\"><div class=\"kb-cover-inner-container\">\n<div class=\"wp-block-kenta-blocks-section alignwide kb-section-e612caa0 kb-section\">\n<div class=\"wp-block-kenta-blocks-column kb-column-wrapper kb-column-wrapper-59400cf3\"><div class=\"kb-column kb-column-59400cf3\"><div class=\"kb-column-content\">\n<div class=\"wp-block-kenta-blocks-heading kb-heading kb-heading-h2 kb-heading-e8f96529 kenta-scroll-reveal\"><h2 class=\"\">Skontaktuj si\u0119 z nami<\/h2><\/div>\n\n\n\n<div class=\"wp-block-kenta-blocks-paragraph kb-paragraph kb-paragraph-ba5fc069 kenta-scroll-reveal\"><p class=\"\">Zapraszamy do wizyty w naszej siedzibie, kontaktu telefonicznego lub poprzez poczte e-mial.<\/p><\/div>\n\n\n\n<div class=\"wp-block-kenta-blocks-stack kb-stack-57218eee kb-stack\"><div class=\"kb-stack-inner-container\">\n<div class=\"wp-block-kenta-blocks-row kb-row-2c6c9427 kb-row kenta-scroll-reveal\"><div class=\"kb-row-inner-container\">\n<div class=\"wp-block-kenta-blocks-icon kb-icon kb-icon-c586c25c\"><div class=\"kb-icon-wrap\"><i class=\"fas fa-location-dot\"><\/i><\/div><\/div>\n\n\n\n<div class=\"wp-block-kenta-blocks-paragraph kb-paragraph kb-paragraph-14549f72\"><p class=\"\">Kruszyn, ul. Leszczynowa 11, 59-700 Boles\u0142awiec<\/p><\/div>\n<\/div><\/div>\n\n\n\n<div class=\"wp-block-kenta-blocks-row kb-row-7615ebe2 kb-row kenta-scroll-reveal\"><div class=\"kb-row-inner-container\">\n<div class=\"wp-block-kenta-blocks-icon kb-icon kb-icon-e59d7169\"><div class=\"kb-icon-wrap\"><i class=\"fas fa-phone\"><\/i><\/div><\/div>\n\n\n\n<div class=\"wp-block-kenta-blocks-paragraph kb-paragraph kb-paragraph-d57402ab\"><p class=\"\">+48 888 697 845<\/p><\/div>\n<\/div><\/div>\n\n\n\n<div class=\"wp-block-kenta-blocks-row kb-row-b2054b01 kb-row kenta-scroll-reveal\"><div class=\"kb-row-inner-container\">\n<div class=\"wp-block-kenta-blocks-icon kb-icon kb-icon-b8ee6a50\"><div class=\"kb-icon-wrap\"><i class=\"fas fa-envelope\"><\/i><\/div><\/div>\n\n\n\n<div class=\"wp-block-kenta-blocks-paragraph kb-paragraph kb-paragraph-ff911465\"><p class=\"\"><a href=\"mailto:fiber-products@web.de\" target=\"_blank\" rel=\"noreferrer noopener\"><\/a><a href=\"mailto:fiber.products.bc@gmail.com\">fiber.products.bc@gmail.com<\/a><\/p><\/div>\n<\/div><\/div>\n\n\n\n<div class=\"wp-block-kenta-blocks-paragraph kb-paragraph kb-paragraph-1c1364d9\"><p class=\"\">F<strong>iber Products Sp z o.o.<br>NIP: 6121838308<br>REGON: 021378096<\/strong><\/p><\/div>\n<\/div><\/div>\n<\/div><\/div><\/div>\n\n\n\n<div class=\"wp-block-kenta-blocks-column kb-column-wrapper kb-column-wrapper-f110f236 kenta-scroll-reveal\"><div class=\"kb-column kb-column-f110f236\"><div class=\"kb-column-content\"><p><iframe src=\"https:\/\/www.google.com\/maps\/embed?pb=!1m14!1m8!1m3!1d9987.17505483696!2d15.6113871!3d51.2597065!3m2!1i1024!2i768!4f13.1!3m3!1m2!1s0x470f36927d428aa9%3A0xdb2d644e51f90364!2sFiber%20Products%20Sp%20z%20o.o.!5e0!3m2!1spl!2spl!4v1695289158712!5m2!1spl!2spl\" width=\"520\" height=\"350\" style=\"border:0;\" allowfullscreen=\"\" loading=\"lazy\" referrerpolicy=\"no-referrer-when-downgrade\"><\/iframe><\/p>\n<\/div><\/div><\/div>\n<\/div>\n<\/div><\/div>\n","protected":false},"excerpt":{"rendered":"","protected":false},"author":1,"featured_media":0,"parent":0,"menu_order":0,"comment_status":"closed","ping_status":"closed","template":"","meta":{"site-container-style":"default","site-container-layout":"default","site-sidebar-layout":"default","site-transparent-header":"default","disable-article-header":"yes","disable-site-header":"default","disable-site-footer":"default","disable-content-area-spacing":"yes","footnotes":""},"class_list":["post-88","page","type-page","status-publish","hentry"],"_links":{"self":[{"href":"http:\/\/fiber-products.eu\/index.php\/wp-json\/wp\/v2\/pages\/88","targetHints":{"allow":["GET"]}}],"collection":[{"href":"http:\/\/fiber-products.eu\/index.php\/wp-json\/wp\/v2\/pages"}],"about":[{"href":"http:\/\/fiber-products.eu\/index.php\/wp-json\/wp\/v2\/types\/page"}],"author":[{"embeddable":true,"href":"http:\/\/fiber-products.eu\/index.php\/wp-json\/wp\/v2\/users\/1"}],"replies":[{"embeddable":true,"href":"http:\/\/fiber-products.eu\/index.php\/wp-json\/wp\/v2\/comments?post=88"}],"version-history":[{"count":102,"href":"http:\/\/fiber-products.eu\/index.php\/wp-json\/wp\/v2\/pages\/88\/revisions"}],"predecessor-version":[{"id":684,"href":"http:\/\/fiber-products.eu\/index.php\/wp-json\/wp\/v2\/pages\/88\/revisions\/684"}],"wp:attachment":[{"href":"http:\/\/fiber-products.eu\/index.php\/wp-json\/wp\/v2\/media?parent=88"}],"curies":[{"name":"wp","href":"https:\/\/api.w.org\/{rel}","templated":true}]}}